{"id":1467,"date":"2024-08-02T06:43:58","date_gmt":"2024-08-02T04:43:58","guid":{"rendered":"https:\/\/blog.sutilweb.eu\/?page_id=1467"},"modified":"2024-08-02T06:43:59","modified_gmt":"2024-08-02T04:43:59","slug":"01-introduccion-a-css-responsive","status":"publish","type":"page","link":"https:\/\/sutilweb.eu\/index.php\/lenguajes\/css3\/css-responsive\/01-introduccion-a-css-responsive\/","title":{"rendered":"01. Introducci\u00f3n a CSS Responsive"},"content":{"rendered":"\n<h2 class=\"wp-block-heading\">Que es un dise\u00f1o Responsive?<\/h2>\n\n\n\n<p>El <strong>dise\u00f1o web Responsive<\/strong> hace que su p\u00e1gina web se vea bien en todos los dispositivos. El <strong>dise\u00f1o web Responsive<\/strong> utiliza \u00fanicamente <strong>HTML<\/strong> y <strong>CSS<\/strong>, no se trata de un programa o <strong>Javascript<\/strong>.<\/p>\n\n\n\n<!--more-->\n\n\n\n<h2 class=\"wp-block-heading\">Dise\u00f1o para la mejor experiencia para todos los usuarios<\/h2>\n\n\n\n<p>Las p\u00e1ginas web se pueden ver usando muchos dispositivos diferentes: computadoras de escritorio, tabletas y tel\u00e9fonos. Tu p\u00e1gina web debe verse bien y ser f\u00e1cil de usar, independientemente del dispositivo.<\/p>\n\n\n\n<p>Las p\u00e1ginas web no deben dejar de lado informaci\u00f3n para adaptarse a dispositivos m\u00e1s peque\u00f1os, sino adaptar su contenido para adaptarse a cualquier dispositivo:<\/p>\n\n\n\n<figure class=\"wp-block-image size-full\"><img loading=\"lazy\" decoding=\"async\" width=\"988\" height=\"263\" src=\"https:\/\/blog.sutilweb.eu\/wp-content\/uploads\/2024\/08\/CSS-Responsive.png\" alt=\"\" class=\"wp-image-1470\" srcset=\"https:\/\/sutilweb.eu\/wp-content\/uploads\/2024\/08\/CSS-Responsive.png 988w, https:\/\/sutilweb.eu\/wp-content\/uploads\/2024\/08\/CSS-Responsive-300x80.png 300w, https:\/\/sutilweb.eu\/wp-content\/uploads\/2024\/08\/CSS-Responsive-768x204.png 768w\" sizes=\"auto, (max-width: 988px) 100vw, 988px\" \/><\/figure>\n\n\n\n<p>Se llama <strong>dise\u00f1o web Responsive<\/strong> cuando usas <strong>CSS<\/strong> y <strong>HTML<\/strong> para cambiar el tama\u00f1o, ocultar, reducir, ampliar o mover el contenido para que se vea bien en cualquier pantalla. No te preocupes si no entiendes el ejemplo a continuaci\u00f3n, desglosaremos el c\u00f3digo, paso a paso, en los pr\u00f3ximos cap\u00edtulos:<\/p>\n\n\n\n<p><strong>Ejm<\/strong><\/p>\n\n\n\n<p>Este es un ejm completo de una p\u00e1gina web Responsive<\/p>\n\n\n\n<pre class=\"wp-block-preformatted\">&lt;!DOCTYPE html><br>&lt;html><br>  &lt;head><br>    &lt;meta name=\"viewport\" content=\"width=device-width, initial-scale=1.0\" \/><br>    &lt;style><br>      * {<br>        box-sizing: border-box;<br>      }<br><br>      .row::after {<br>        content: \"\";<br>        clear: both;<br>        display: table;<br>      }<br><br>      [class*=\"col-\"] {<br>        float: left;<br>        padding: 15px;<br>      }<br><br>      html {<br>        font-family: \"Lucida Sans\", sans-serif;<br>      }<br><br>      .header {<br>        background-color: #9933cc;<br>        color: #ffffff;<br>        padding: 15px;<br>      }<br><br>      .menu ul {<br>        list-style-type: none;<br>        margin: 0;<br>        padding: 0;<br>      }<br><br>      .menu li {<br>        padding: 8px;<br>        margin-bottom: 7px;<br>        background-color: #33b5e5;<br>        color: #ffffff;<br>        box-shadow: 0 1px 3px rgba(0, 0, 0, 0.12), 0 1px 2px rgba(0, 0, 0, 0.24);<br>      }<br><br>      .menu li:hover {<br>        background-color: #0099cc;<br>      }<br><br>      .aside {<br>        background-color: #33b5e5;<br>        padding: 15px;<br>        color: #ffffff;<br>        text-align: center;<br>        font-size: 14px;<br>        box-shadow: 0 1px 3px rgba(0, 0, 0, 0.12), 0 1px 2px rgba(0, 0, 0, 0.24);<br>      }<br><br>      .footer {<br>        background-color: #0099cc;<br>        color: #ffffff;<br>        text-align: center;<br>        font-size: 12px;<br>        padding: 15px;<br>      }<br><br>      \/* For mobile phones: *\/<br>      [class*=\"col-\"] {<br>        width: 100%;<br>      }<br><br>      @media only screen and (min-width: 600px) {<br>        \/* For tablets: *\/<br>        .col-s-1 {<br>          width: 8.33%;<br>        }<br>        .col-s-2 {<br>          width: 16.66%;<br>        }<br>        .col-s-3 {<br>          width: 25%;<br>        }<br>        .col-s-4 {<br>          width: 33.33%;<br>        }<br>        .col-s-5 {<br>          width: 41.66%;<br>        }<br>        .col-s-6 {<br>          width: 50%;<br>        }<br>        .col-s-7 {<br>          width: 58.33%;<br>        }<br>        .col-s-8 {<br>          width: 66.66%;<br>        }<br>        .col-s-9 {<br>          width: 75%;<br>        }<br>        .col-s-10 {<br>          width: 83.33%;<br>        }<br>        .col-s-11 {<br>          width: 91.66%;<br>        }<br>        .col-s-12 {<br>          width: 100%;<br>        }<br>      }<br>      @media only screen and (min-width: 768px) {<br>        \/* For desktop: *\/<br>        .col-1 {<br>          width: 8.33%;<br>        }<br>        .col-2 {<br>          width: 16.66%;<br>        }<br>        .col-3 {<br>          width: 25%;<br>        }<br>        .col-4 {<br>          width: 33.33%;<br>        }<br>        .col-5 {<br>          width: 41.66%;<br>        }<br>        .col-6 {<br>          width: 50%;<br>        }<br>        .col-7 {<br>          width: 58.33%;<br>        }<br>        .col-8 {<br>          width: 66.66%;<br>        }<br>        .col-9 {<br>          width: 75%;<br>        }<br>        .col-10 {<br>          width: 83.33%;<br>        }<br>        .col-11 {<br>          width: 91.66%;<br>        }<br>        .col-12 {<br>          width: 100%;<br>        }<br>      }<br>    &lt;\/style><br>  &lt;\/head><br>  &lt;body><br>    &lt;div class=\"header\"><br>      &lt;h1>Chania&lt;\/h1><br>    &lt;\/div><br><br>    &lt;div class=\"row\"><br>      &lt;div class=\"col-3 col-s-3 menu\"><br>        &lt;ul><br>          &lt;li>The Flight&lt;\/li><br>          &lt;li>The City&lt;\/li><br>          &lt;li>The Island&lt;\/li><br>          &lt;li>The Food&lt;\/li><br>        &lt;\/ul><br>      &lt;\/div><br><br>      &lt;div class=\"col-6 col-s-9\"><br>        &lt;h1>The City&lt;\/h1><br>        &lt;p><br>          Chania is the capital of the Chania region on the island of Crete. The<br>          city can be divided in two parts, the old town and the modern city.<br>        &lt;\/p><br>      &lt;\/div><br><br>      &lt;div class=\"col-3 col-s-12\"><br>        &lt;div class=\"aside\"><br>          &lt;h2>What?&lt;\/h2><br>          &lt;p>Chania is a city on the island of Crete.&lt;\/p><br>          &lt;h2>Where?&lt;\/h2><br>          &lt;p>Crete is a Greek island in the Mediterranean Sea.&lt;\/p><br>          &lt;h2>How?&lt;\/h2><br>          &lt;p>You can reach Chania airport from all over Europe.&lt;\/p><br>        &lt;\/div><br>      &lt;\/div><br>    &lt;\/div><br><br>    &lt;div class=\"footer\"><br>      &lt;p><br>        Resize the browser window to see how the content respond to the<br>        resizing.<br>      &lt;\/p><br>    &lt;\/div><br>  &lt;\/body><br>&lt;\/html><\/pre>\n","protected":false},"excerpt":{"rendered":"<p>Que es un dise\u00f1o Responsive? El dise\u00f1o web Responsive hace que su p\u00e1gina web se vea bien en todos los [&hellip;]<\/p>\n","protected":false},"author":1,"featured_media":0,"parent":1464,"menu_order":0,"comment_status":"closed","ping_status":"closed","template":"","meta":{"_uag_custom_page_level_css":"","site-sidebar-layout":"default","site-content-layout":"","ast-site-content-layout":"default","site-content-style":"default","site-sidebar-style":"default","ast-global-header-display":"","ast-banner-title-visibility":"","ast-main-header-display":"","ast-hfb-above-header-display":"","ast-hfb-below-header-display":"","ast-hfb-mobile-header-display":"","site-post-title":"","ast-breadcrumbs-content":"","ast-featured-img":"","footer-sml-layout":"","ast-disable-related-posts":"","theme-transparent-header-meta":"","adv-header-id-meta":"","stick-header-meta":"","header-above-stick-meta":"","header-main-stick-meta":"","header-below-stick-meta":"","astra-migrate-meta-layouts":"default","ast-page-background-enabled":"default","ast-page-background-meta":{"desktop":{"background-color":"var(--ast-global-color-4)","background-image":"","background-repeat":"repeat","background-position":"center center","background-size":"auto","background-attachment":"scroll","background-type":"","background-media":"","overlay-type":"","overlay-color":"","overlay-opacity":"","overlay-gradient":""},"tablet":{"background-color":"","background-image":"","background-repeat":"repeat","background-position":"center center","background-size":"auto","background-attachment":"scroll","background-type":"","background-media":"","overlay-type":"","overlay-color":"","overlay-opacity":"","overlay-gradient":""},"mobile":{"background-color":"","background-image":"","background-repeat":"repeat","background-position":"center center","background-size":"auto","background-attachment":"scroll","background-type":"","background-media":"","overlay-type":"","overlay-color":"","overlay-opacity":"","overlay-gradient":""}},"ast-content-background-meta":{"desktop":{"background-color":"var(--ast-global-color-5)","background-image":"","background-repeat":"repeat","background-position":"center center","background-size":"auto","background-attachment":"scroll","background-type":"","background-media":"","overlay-type":"","overlay-color":"","overlay-opacity":"","overlay-gradient":""},"tablet":{"background-color":"var(--ast-global-color-5)","background-image":"","background-repeat":"repeat","background-position":"center center","background-size":"auto","background-attachment":"scroll","background-type":"","background-media":"","overlay-type":"","overlay-color":"","overlay-opacity":"","overlay-gradient":""},"mobile":{"background-color":"var(--ast-global-color-5)","background-image":"","background-repeat":"repeat","background-position":"center center","background-size":"auto","background-attachment":"scroll","background-type":"","background-media":"","overlay-type":"","overlay-color":"","overlay-opacity":"","overlay-gradient":""}},"footnotes":""},"class_list":["post-1467","page","type-page","status-publish","hentry"],"uagb_featured_image_src":{"full":false,"thumbnail":false,"medium":false,"medium_large":false,"large":false,"1536x1536":false,"2048x2048":false},"uagb_author_info":{"display_name":"Sutil Web","author_link":"https:\/\/sutilweb.eu\/index.php\/author\/sutilweb\/"},"uagb_comment_info":0,"uagb_excerpt":"Que es un dise\u00f1o Responsive? El dise\u00f1o web Responsive hace que su p\u00e1gina web se vea bien en todos los [&hellip;]","_links":{"self":[{"href":"https:\/\/sutilweb.eu\/index.php\/wp-json\/wp\/v2\/pages\/1467","targetHints":{"allow":["GET"]}}],"collection":[{"href":"https:\/\/sutilweb.eu\/index.php\/wp-json\/wp\/v2\/pages"}],"about":[{"href":"https:\/\/sutilweb.eu\/index.php\/wp-json\/wp\/v2\/types\/page"}],"author":[{"embeddable":true,"href":"https:\/\/sutilweb.eu\/index.php\/wp-json\/wp\/v2\/users\/1"}],"replies":[{"embeddable":true,"href":"https:\/\/sutilweb.eu\/index.php\/wp-json\/wp\/v2\/comments?post=1467"}],"version-history":[{"count":3,"href":"https:\/\/sutilweb.eu\/index.php\/wp-json\/wp\/v2\/pages\/1467\/revisions"}],"predecessor-version":[{"id":1471,"href":"https:\/\/sutilweb.eu\/index.php\/wp-json\/wp\/v2\/pages\/1467\/revisions\/1471"}],"up":[{"embeddable":true,"href":"https:\/\/sutilweb.eu\/index.php\/wp-json\/wp\/v2\/pages\/1464"}],"wp:attachment":[{"href":"https:\/\/sutilweb.eu\/index.php\/wp-json\/wp\/v2\/media?parent=1467"}],"curies":[{"name":"wp","href":"https:\/\/api.w.org\/{rel}","templated":true}]}}