{"id":1428,"date":"2024-08-02T06:24:10","date_gmt":"2024-08-02T04:24:10","guid":{"rendered":"https:\/\/blog.sutilweb.eu\/?page_id=1428"},"modified":"2024-08-02T06:24:11","modified_gmt":"2024-08-02T04:24:11","slug":"16-multiples-columnas-con-css","status":"publish","type":"page","link":"https:\/\/sutilweb.eu\/index.php\/lenguajes\/css3\/css3-avanzado\/16-multiples-columnas-con-css\/","title":{"rendered":"16. M\u00faltiples columnas con CSS"},"content":{"rendered":"\n<p>El dise\u00f1o de varias columnas de <strong>CSS<\/strong> permite una f\u00e1cil definici\u00f3n de varias columnas de texto, como en los peri\u00f3dicos.<\/p>\n\n\n\n<!--more-->\n\n\n\n<h2 class=\"wp-block-heading\">Propiedades de varias columnas de CSS<\/h2>\n\n\n\n<p>En este cap\u00edtulo aprenderemos acerca de las siguientes propiedades de varias columnas:<\/p>\n\n\n\n<ul class=\"wp-block-list\">\n<li><strong><em>column-count<\/em><\/strong><\/li>\n\n\n\n<li><strong><em>column-gap<\/em><\/strong><\/li>\n\n\n\n<li><strong><em>column-rule-style<\/em><\/strong><\/li>\n\n\n\n<li><strong><em>column-rule-width<\/em><\/strong><\/li>\n\n\n\n<li><strong><em>column-rule-color<\/em><\/strong><\/li>\n\n\n\n<li><strong><em>column-rule<\/em><\/strong><\/li>\n\n\n\n<li><strong><em>column-span<\/em><\/strong><\/li>\n\n\n\n<li><strong><em>column-width<\/em><\/strong><\/li>\n<\/ul>\n\n\n\n<h2 class=\"wp-block-heading\">Crear m\u00faltiples columnas con CSS<\/h2>\n\n\n\n<p>La propiedad <strong><em>column-count<\/em><\/strong> especifica el n\u00famero de columnas en las que se debe dividir un elemento. El siguiente ejemplo dividir\u00e1 el texto en el elemento <strong><em>&lt;div&gt;<\/em><\/strong> en 3 columnas.<\/p>\n\n\n\n<p><strong>Ejm<\/strong><\/p>\n\n\n\n<pre class=\"wp-block-preformatted\">&lt;!DOCTYPE html><br>&lt;html lang=\"es\"><br>  &lt;head><br>    &lt;style><br>      .newspaper {<br>        column-count: 3;<br>      }<br>    &lt;\/style><br>  &lt;\/head><br>  &lt;body><br>    &lt;h1>Crear 3 columnas&lt;\/h1><br>    &lt;div class=\"newspaper\"><br>      Lorem ipsum dolor sit amet, consectetuer adipiscing elit, sed diam nonummy<br>      nibh euismod tincidunt ut laoreet dolore magna aliquam erat volutpat. Ut<br>      wisi enim ad minim veniam, quis nostrud exerci tation ullamcorper suscipit<br>      lobortis nisl ut aliquip ex ea commodo consequat. Duis autem vel eum<br>      iriure dolor in hendrerit in vulputate velit esse molestie consequat, vel<br>      illum dolore eu feugiat nulla facilisis at vero eros et accumsan et iusto<br>      odio dignissim qui blandit praesent luptatum zzril delenit augue duis<br>      dolore te feugait nulla facilisi. Nam liber tempor cum soluta nobis<br>      eleifend option congue nihil imperdiet doming id quod mazim placerat facer<br>      possim assum.<br>    &lt;\/div><br>  &lt;\/body><br>&lt;\/html><\/pre>\n\n\n\n<h2 class=\"wp-block-heading\">CSS Especificar la brecha (gap) entre columnas<\/h2>\n\n\n\n<p>La propiedad <strong><em>column-gap<\/em><\/strong> especifica el espacio entre las columnas. El siguiente ejemplo especifica un espacio de 40 p\u00edxeles entre las columnas.<\/p>\n\n\n\n<p><strong>Ejm<\/strong><\/p>\n\n\n\n<pre class=\"wp-block-preformatted\">&lt;!DOCTYPE html><br>&lt;html><br>  &lt;head><br>    &lt;style><br>      .newspaper {<br>        column-count: 3;<br>        column-gap: 40px;<br>      }<br>    &lt;\/style><br>  &lt;\/head><br>  &lt;body><br>    &lt;h1>Specify the Gap Between Columns&lt;\/h1><br><br>    &lt;div class=\"newspaper\"><br>      Lorem ipsum dolor sit amet, consectetuer adipiscing elit, sed diam nonummy<br>      nibh euismod tincidunt ut laoreet dolore magna aliquam erat volutpat. Ut<br>      wisi enim ad minim veniam, quis nostrud exerci tation ullamcorper suscipit<br>      lobortis nisl ut aliquip ex ea commodo consequat. Duis autem vel eum<br>      iriure dolor in hendrerit in vulputate velit esse molestie consequat, vel<br>      illum dolore eu feugiat nulla facilisis at vero eros et accumsan et iusto<br>      odio dignissim qui blandit praesent luptatum zzril delenit augue duis<br>      dolore te feugait nulla facilisi. Nam liber tempor cum soluta nobis<br>      eleifend option congue nihil imperdiet doming id quod mazim placerat facer<br>      possim assum.<br>    &lt;\/div><br>  &lt;\/body><br>&lt;\/html><\/pre>\n\n\n\n<h2 class=\"wp-block-heading\">Reglas de columna CSS<\/h2>\n\n\n\n<p>La propiedad <strong><em>column-rule-style<\/em><\/strong> especifica el estilo de la regla entre columnas.<\/p>\n\n\n\n<p><strong>Ejm<\/strong><\/p>\n\n\n\n<pre class=\"wp-block-preformatted\">&lt;!DOCTYPE html><br>&lt;html><br>  &lt;head><br>    &lt;style><br>      .newspaper {<br>        column-count: 3;<br>        column-gap: 40px;<br>        column-rule-style: solid;<br>      }<br>    &lt;\/style><br>  &lt;\/head><br>  &lt;body><br>    &lt;h1>Add a Rule Between the Columns&lt;\/h1><br><br>    &lt;div class=\"newspaper\"><br>      Lorem ipsum dolor sit amet, consectetuer adipiscing elit, sed diam nonummy<br>      nibh euismod tincidunt ut laoreet dolore magna aliquam erat volutpat. Ut<br>      wisi enim ad minim veniam, quis nostrud exerci tation ullamcorper suscipit<br>      lobortis nisl ut aliquip ex ea commodo consequat. Duis autem vel eum<br>      iriure dolor in hendrerit in vulputate velit esse molestie consequat, vel<br>      illum dolore eu feugiat nulla facilisis at vero eros et accumsan et iusto<br>      odio dignissim qui blandit praesent luptatum zzril delenit augue duis<br>      dolore te feugait nulla facilisi. Nam liber tempor cum soluta nobis<br>      eleifend option congue nihil imperdiet doming id quod mazim placerat facer<br>      possim assum.<br>    &lt;\/div><br>  &lt;\/body><br>&lt;\/html><\/pre>\n\n\n\n<p>La propiedad <strong><em>column-rule-width<\/em><\/strong> especifica el ancho de la regla entre columnas.<\/p>\n\n\n\n<p><strong>Ejm<\/strong><\/p>\n\n\n\n<pre class=\"wp-block-preformatted\">&lt;style&gt; \n.newspaper {\ncolumn-count: 3;\ncolumn-gap: 40px;\ncolumn-rule-style: solid;\ncolumn-rule-width: 1px;\n}\n&lt;\/style&gt;<\/pre>\n\n\n\n<p>La propiedad <strong><em>column-rule-color<\/em><\/strong> especifica el color de la regla entre columnas.<\/p>\n\n\n\n<p><strong>Ejm<\/strong><\/p>\n\n\n\n<pre class=\"wp-block-preformatted\">&lt;style&gt;\n.newspaper {\ncolumn-count: 3;\ncolumn-gap: 40px;\ncolumn-rule-style: solid;\ncolumn-rule-width: 1px;\ncolumn-rule-color: lightblue;\n}\n&lt;\/style&gt;<\/pre>\n\n\n\n<p>La propiedad <strong><em>column-rule<\/em><\/strong> es una propiedad abreviada para configurar todas las propiedades <strong><em>column-rule-*<\/em><\/strong> anteriores. El siguiente ejemplo establece el <strong>ancho<\/strong>, el <strong>estilo<\/strong> y el <strong>color<\/strong> de la regla entre columnas<strong>.<\/strong><\/p>\n\n\n\n<p><strong>Ejm<\/strong><\/p>\n\n\n\n<pre class=\"wp-block-preformatted\">&lt;style&gt;\n.newspaper {\ncolumn-count: 3;\ncolumn-gap: 40px;\ncolumn-rule: 1px solid lightblue;\n}\n&lt;\/style&gt;<\/pre>\n\n\n\n<h2 class=\"wp-block-heading\">Especificar cu\u00e1ntas columnas debe abarcar un elemento<\/h2>\n\n\n\n<p>La propiedad <strong><em>column-span<\/em><\/strong> especifica cu\u00e1ntas columnas debe abarcar un elemento. El siguiente ejemplo especifica que el elemento <strong><em>&lt;h2&gt;<\/em><\/strong> debe abarcar todas las columnas.<\/p>\n\n\n\n<p><strong>Ejm<\/strong><\/p>\n\n\n\n<pre class=\"wp-block-preformatted\">&lt;!DOCTYPE html><br>&lt;html><br>  &lt;head><br>    &lt;style><br>      .newspaper {<br>        column-count: 3;<br>        column-gap: 40px;<br>        column-rule: 1px solid lightblue;<br>      }<br><br>      h2 {<br>        column-span: all;<br>      }<br>    &lt;\/style><br>  &lt;\/head><br>  &lt;body><br>    &lt;div class=\"newspaper\"><br>      &lt;h2>Lorem Ipsum Dolor Sit Amet&lt;\/h2><br>      Lorem ipsum dolor sit amet, consectetuer adipiscing elit, sed diam nonummy<br>      nibh euismod tincidunt ut laoreet dolore magna aliquam erat volutpat. Ut<br>      wisi enim ad minim veniam, quis nostrud exercitation ullamcorper suscipit<br>      lobortis nisl ut aliquip ex ea commodo consequat. Duis autem vel eum<br>      iriure dolor in hendrerit in vulputate velit esse molestie consequat, vel<br>      illum dolore eu feugiat nulla facilisis at vero eros et accumsan et iusto<br>      odio dignissim qui blandit praesent luptatum zzril delenit augue duis<br>      dolore te feugait nulla facilisi. Nam liber tempor cum soluta nobis<br>      eleifend option congue nihil imperdiet doming id quod mazim placerat facer<br>      possim assum.<br>    &lt;\/div><br>  &lt;\/body><br>&lt;\/html><\/pre>\n\n\n\n<h2 class=\"wp-block-heading\">Especificar el ancho de la columna<\/h2>\n\n\n\n<p>La propiedad <strong><em>column-width<\/em><\/strong> especifica un ancho \u00f3ptimo sugerido para las columnas. El siguiente ejemplo especifica que el ancho \u00f3ptimo sugerido para las columnas debe ser 100px.<\/p>\n\n\n\n<p><strong>Ejm<\/strong><\/p>\n\n\n\n<pre class=\"wp-block-preformatted\">&lt;!DOCTYPE html><br>&lt;html><br>  &lt;head><br>    &lt;style><br>      .newspaper {<br>        column-width: 100px;<br>      }<br>    &lt;\/style><br>  &lt;\/head><br>  &lt;body><br>    &lt;h1>Specify The Column Width&lt;\/h1><br><br>    &lt;div class=\"newspaper\"><br>      Lorem ipsum dolor sit amet, consectetuer adipiscing elit, sed diam nonummy<br>      nibh euismod tincidunt ut laoreet dolore magna aliquam erat volutpat. Ut<br>      wisi enim ad minim veniam, quis nostrud exercitation ullamcorper suscipit<br>      lobortis nisl ut aliquip ex ea commodo consequat. Duis autem vel eum<br>      iriure dolor in hendrerit in vulputate velit esse molestie consequat, vel<br>      illum dolore eu feugiat nulla facilisis at vero eros et accumsan et iusto<br>      odio dignissim qui blandit praesent luptatum zzril delenit augue duis<br>      dolore te feugait nulla facilisi. Nam liber tempor cum soluta nobis<br>      eleifend option congue nihil imperdiet doming id quod mazim placerat facer<br>      possim assum.<br>    &lt;\/div><br>  &lt;\/body><br>&lt;\/html><\/pre>\n\n\n\n<h2 class=\"wp-block-heading\">Resumen<\/h2>\n\n\n\n<figure class=\"wp-block-table\"><table class=\"has-fixed-layout\"><tbody><tr><th>Propiedad<\/th><th>Descripci\u00f3n<\/th><\/tr><tr><td><strong><em>column-count<\/em><\/strong><\/td><td>Especifica el n\u00famero de columnas en las que se debe dividir un elemento<\/td><\/tr><tr><td><strong><em>column-fill<\/em><\/strong><\/td><td>Especifica c\u00f3mo llenar columnas<\/td><\/tr><tr><td><em><strong>column-gap<\/strong><\/em><\/td><td>Especifica el espacio entre las columnas.<\/td><\/tr><tr><td><em><strong>column-rule<\/strong><\/em><\/td><td>Una propiedad abreviada para configurar todas las propiedades column-rule-*<\/td><\/tr><tr><td><strong><em>column-rule-color<\/em><\/strong><\/td><td>Especifica el color de la regla entre columnas.<\/td><\/tr><tr><td><strong><em>column-rule-style<\/em><\/strong><\/td><td>Especifica el estilo de la regla entre columnas.<\/td><\/tr><tr><td><strong><em>column-rule-width<\/em><\/strong><\/td><td>Especifica el ancho de la regla entre columnas.<\/td><\/tr><tr><td><strong><em>column-span<\/em><\/strong><\/td><td>Especifica cu\u00e1ntas columnas debe abarcar un elemento.<\/td><\/tr><tr><td><strong><em>column-width<\/em><\/strong><\/td><td>Especifica un ancho \u00f3ptimo sugerido para las columnas.<\/td><\/tr><tr><td><strong><em>columns<\/em><\/strong><\/td><td>Una propiedad abreviada para establecer column-width y column-count<\/td><\/tr><\/tbody><\/table><\/figure>\n","protected":false},"excerpt":{"rendered":"<p>El dise\u00f1o de varias columnas de CSS permite una f\u00e1cil definici\u00f3n de varias columnas de texto, como en los peri\u00f3dicos.<\/p>\n","protected":false},"author":1,"featured_media":0,"parent":1367,"menu_order":15,"comment_status":"closed","ping_status":"closed","template":"","meta":{"_uag_custom_page_level_css":"","site-sidebar-layout":"default","site-content-layout":"","ast-site-content-layout":"default","site-content-style":"default","site-sidebar-style":"default","ast-global-header-display":"","ast-banner-title-visibility":"","ast-main-header-display":"","ast-hfb-above-header-display":"","ast-hfb-below-header-display":"","ast-hfb-mobile-header-display":"","site-post-title":"","ast-breadcrumbs-content":"","ast-featured-img":"","footer-sml-layout":"","ast-disable-related-posts":"","theme-transparent-header-meta":"","adv-header-id-meta":"","stick-header-meta":"","header-above-stick-meta":"","header-main-stick-meta":"","header-below-stick-meta":"","astra-migrate-meta-layouts":"default","ast-page-background-enabled":"default","ast-page-background-meta":{"desktop":{"background-color":"var(--ast-global-color-4)","background-image":"","background-repeat":"repeat","background-position":"center center","background-size":"auto","background-attachment":"scroll","background-type":"","background-media":"","overlay-type":"","overlay-color":"","overlay-opacity":"","overlay-gradient":""},"tablet":{"background-color":"","background-image":"","background-repeat":"repeat","background-position":"center center","background-size":"auto","background-attachment":"scroll","background-type":"","background-media":"","overlay-type":"","overlay-color":"","overlay-opacity":"","overlay-gradient":""},"mobile":{"background-color":"","background-image":"","background-repeat":"repeat","background-position":"center center","background-size":"auto","background-attachment":"scroll","background-type":"","background-media":"","overlay-type":"","overlay-color":"","overlay-opacity":"","overlay-gradient":""}},"ast-content-background-meta":{"desktop":{"background-color":"var(--ast-global-color-5)","background-image":"","background-repeat":"repeat","background-position":"center center","background-size":"auto","background-attachment":"scroll","background-type":"","background-media":"","overlay-type":"","overlay-color":"","overlay-opacity":"","overlay-gradient":""},"tablet":{"background-color":"var(--ast-global-color-5)","background-image":"","background-repeat":"repeat","background-position":"center center","background-size":"auto","background-attachment":"scroll","background-type":"","background-media":"","overlay-type":"","overlay-color":"","overlay-opacity":"","overlay-gradient":""},"mobile":{"background-color":"var(--ast-global-color-5)","background-image":"","background-repeat":"repeat","background-position":"center center","background-size":"auto","background-attachment":"scroll","background-type":"","background-media":"","overlay-type":"","overlay-color":"","overlay-opacity":"","overlay-gradient":""}},"footnotes":""},"class_list":["post-1428","page","type-page","status-publish","hentry"],"uagb_featured_image_src":{"full":false,"thumbnail":false,"medium":false,"medium_large":false,"large":false,"1536x1536":false,"2048x2048":false},"uagb_author_info":{"display_name":"Sutil Web","author_link":"https:\/\/sutilweb.eu\/index.php\/author\/sutilweb\/"},"uagb_comment_info":0,"uagb_excerpt":"El dise\u00f1o de varias columnas de CSS permite una f\u00e1cil definici\u00f3n de varias columnas de texto, como en los peri\u00f3dicos.","_links":{"self":[{"href":"https:\/\/sutilweb.eu\/index.php\/wp-json\/wp\/v2\/pages\/1428","targetHints":{"allow":["GET"]}}],"collection":[{"href":"https:\/\/sutilweb.eu\/index.php\/wp-json\/wp\/v2\/pages"}],"about":[{"href":"https:\/\/sutilweb.eu\/index.php\/wp-json\/wp\/v2\/types\/page"}],"author":[{"embeddable":true,"href":"https:\/\/sutilweb.eu\/index.php\/wp-json\/wp\/v2\/users\/1"}],"replies":[{"embeddable":true,"href":"https:\/\/sutilweb.eu\/index.php\/wp-json\/wp\/v2\/comments?post=1428"}],"version-history":[{"count":3,"href":"https:\/\/sutilweb.eu\/index.php\/wp-json\/wp\/v2\/pages\/1428\/revisions"}],"predecessor-version":[{"id":1431,"href":"https:\/\/sutilweb.eu\/index.php\/wp-json\/wp\/v2\/pages\/1428\/revisions\/1431"}],"up":[{"embeddable":true,"href":"https:\/\/sutilweb.eu\/index.php\/wp-json\/wp\/v2\/pages\/1367"}],"wp:attachment":[{"href":"https:\/\/sutilweb.eu\/index.php\/wp-json\/wp\/v2\/media?parent=1428"}],"curies":[{"name":"wp","href":"https:\/\/api.w.org\/{rel}","templated":true}]}}