{"id":1372,"date":"2024-08-01T19:31:46","date_gmt":"2024-08-01T17:31:46","guid":{"rendered":"https:\/\/blog.sutilweb.eu\/?page_id=1372"},"modified":"2024-08-01T19:31:47","modified_gmt":"2024-08-01T17:31:47","slug":"01-bordes-css-en-imagenes","status":"publish","type":"page","link":"https:\/\/sutilweb.eu\/index.php\/lenguajes\/css3\/css3-avanzado\/01-bordes-css-en-imagenes\/","title":{"rendered":"01. Bordes CSS en im\u00e1genes"},"content":{"rendered":"\n<p>Con la propiedad CSS <strong><em>border-image<\/em><\/strong>, puedes configurar una imagen para usarla como borde alrededor de un elemento.<\/p>\n\n\n\n<!--more-->\n\n\n\n<h2 class=\"wp-block-heading\">La propiedad CSS border-image<\/h2>\n\n\n\n<p>La propiedad CSS <strong><em>border-image<\/em><\/strong>&nbsp; permite especificar una imagen para usar en lugar del borde normal alrededor de un elemento.<\/p>\n\n\n\n<p>La propiedad tiene tres partes:<\/p>\n\n\n\n<ul class=\"wp-block-list\">\n<li>La imagen a usar como borde<\/li>\n\n\n\n<li>D\u00f3nde cortar la imagen<\/li>\n\n\n\n<li>Define si las secciones intermedias deben repetirse o estirarse<\/li>\n<\/ul>\n\n\n\n<p>La propiedad <strong><em>border-image<\/em><\/strong> toma la imagen y la divide en nueve secciones, como un tablero de tres en raya. Luego coloca las esquinas en las esquinas y las secciones centrales se repiten o se estiran seg\u00fan lo especifique.<\/p>\n\n\n\n<blockquote class=\"wp-block-quote is-layout-flow wp-block-quote-is-layout-flow\">\n<p><strong>Nota<\/strong>: Para que la imagen de borde funcione, el elemento tambi\u00e9n necesita que se establezca la propiedad de borde.<\/p>\n<\/blockquote>\n\n\n\n<p>Aqu\u00ed, las secciones centrales de la imagen se repiten para crear el borde:<\/p>\n\n\n\n<pre class=\"wp-block-preformatted\">&lt;!DOCTYPE html><br>&lt;html><br>  &lt;head><br>    &lt;style><br>      #borderimg {<br>        border: 10px solid transparent;<br>        padding: 15px;<br>        border-image: url(border.png) 30 round;<br>      }<br>    &lt;\/style><br>  &lt;\/head><br>  &lt;body><br>    &lt;h1>La propiedad border-image&lt;\/h1><br><br>    &lt;p><br>      Aqu\u00ed, las secciones centrales de la imagen se repiten para crear el borde:<br>    &lt;\/p><br>    &lt;p id=\"borderimg\">border-image: url(border.png) 30 round;&lt;\/p><br><br>    &lt;p>Esta es la imagen original:&lt;\/p><br>    &lt;img src=\"border.png\" \/><br>    &lt;p><br>      &lt;strong>Ojo:&lt;\/strong> Internet Explorer 10 y versiones anteriores no<br>      admiten la propiedad border-image.<br>    &lt;\/p><br>  &lt;\/body><br>&lt;\/html><\/pre>\n\n\n\n<blockquote class=\"wp-block-quote is-layout-flow wp-block-quote-is-layout-flow\">\n<p><strong>Sugerencia<\/strong>: La propiedad <strong><em>border-image<\/em><\/strong> es en realidad una propiedad abreviada para las propiedades <strong><em>border-image-source<\/em><\/strong>, <strong><em>border-image-slice<\/em><\/strong>, <strong><em>border-image-width<\/em><\/strong>, <strong><em>border-image-outset<\/em><\/strong> y <strong><em>border-image-repeat<\/em><\/strong>.<\/p>\n<\/blockquote>\n\n\n\n<h2 class=\"wp-block-heading\">Resumen<\/h2>\n\n\n\n<figure class=\"wp-block-table\"><table class=\"has-fixed-layout\"><tbody><tr><th>Propiedad<\/th><th>Descripci\u00f3n<\/th><\/tr><tr><td><strong><em>border-image<\/em><\/strong><\/td><td>Una propiedad abreviada para configurar todas las propiedades border-image-*<\/td><\/tr><tr><td><strong><em>border-image-source<\/em><\/strong><\/td><td>Especifica la ruta a la imagen que se usar\u00e1 como borde<\/td><\/tr><tr><td><strong><em>border-image-slice<\/em><\/strong><\/td><td>Especifica c\u00f3mo cortar la imagen del borde<\/td><\/tr><tr><td><strong><em>border-image-width<\/em><\/strong><\/td><td>Especifica los anchos de la imagen del borde.<\/td><\/tr><tr><td><strong><em>border-image-outset<\/em><\/strong><\/td><td>Especifica la cantidad en la que el \u00e1rea de la imagen del borde se extiende m\u00e1s all\u00e1 del cuadro del borde.<\/td><\/tr><tr><td><strong><em>border-image-repeat<\/em><\/strong><\/td><td>Especifica si la imagen del borde debe repetirse, redondearse o estirarse<\/td><\/tr><\/tbody><\/table><\/figure>\n","protected":false},"excerpt":{"rendered":"<p>Con la propiedad CSS border-image, puedes configurar una imagen para usarla como borde alrededor de un elemento.<\/p>\n","protected":false},"author":1,"featured_media":0,"parent":1367,"menu_order":0,"comment_status":"closed","ping_status":"closed","template":"","meta":{"_uag_custom_page_level_css":"","site-sidebar-layout":"default","site-content-layout":"","ast-site-content-layout":"default","site-content-style":"default","site-sidebar-style":"default","ast-global-header-display":"","ast-banner-title-visibility":"","ast-main-header-display":"","ast-hfb-above-header-display":"","ast-hfb-below-header-display":"","ast-hfb-mobile-header-display":"","site-post-title":"","ast-breadcrumbs-content":"","ast-featured-img":"","footer-sml-layout":"","ast-disable-related-posts":"","theme-transparent-header-meta":"","adv-header-id-meta":"","stick-header-meta":"","header-above-stick-meta":"","header-main-stick-meta":"","header-below-stick-meta":"","astra-migrate-meta-layouts":"default","ast-page-background-enabled":"default","ast-page-background-meta":{"desktop":{"background-color":"var(--ast-global-color-4)","background-image":"","background-repeat":"repeat","background-position":"center center","background-size":"auto","background-attachment":"scroll","background-type":"","background-media":"","overlay-type":"","overlay-color":"","overlay-opacity":"","overlay-gradient":""},"tablet":{"background-color":"","background-image":"","background-repeat":"repeat","background-position":"center center","background-size":"auto","background-attachment":"scroll","background-type":"","background-media":"","overlay-type":"","overlay-color":"","overlay-opacity":"","overlay-gradient":""},"mobile":{"background-color":"","background-image":"","background-repeat":"repeat","background-position":"center center","background-size":"auto","background-attachment":"scroll","background-type":"","background-media":"","overlay-type":"","overlay-color":"","overlay-opacity":"","overlay-gradient":""}},"ast-content-background-meta":{"desktop":{"background-color":"var(--ast-global-color-5)","background-image":"","background-repeat":"repeat","background-position":"center center","background-size":"auto","background-attachment":"scroll","background-type":"","background-media":"","overlay-type":"","overlay-color":"","overlay-opacity":"","overlay-gradient":""},"tablet":{"background-color":"var(--ast-global-color-5)","background-image":"","background-repeat":"repeat","background-position":"center center","background-size":"auto","background-attachment":"scroll","background-type":"","background-media":"","overlay-type":"","overlay-color":"","overlay-opacity":"","overlay-gradient":""},"mobile":{"background-color":"var(--ast-global-color-5)","background-image":"","background-repeat":"repeat","background-position":"center center","background-size":"auto","background-attachment":"scroll","background-type":"","background-media":"","overlay-type":"","overlay-color":"","overlay-opacity":"","overlay-gradient":""}},"footnotes":""},"class_list":["post-1372","page","type-page","status-publish","hentry"],"uagb_featured_image_src":{"full":false,"thumbnail":false,"medium":false,"medium_large":false,"large":false,"1536x1536":false,"2048x2048":false},"uagb_author_info":{"display_name":"Sutil Web","author_link":"https:\/\/sutilweb.eu\/index.php\/author\/sutilweb\/"},"uagb_comment_info":0,"uagb_excerpt":"Con la propiedad CSS border-image, puedes configurar una imagen para usarla como borde alrededor de un elemento.","_links":{"self":[{"href":"https:\/\/sutilweb.eu\/index.php\/wp-json\/wp\/v2\/pages\/1372","targetHints":{"allow":["GET"]}}],"collection":[{"href":"https:\/\/sutilweb.eu\/index.php\/wp-json\/wp\/v2\/pages"}],"about":[{"href":"https:\/\/sutilweb.eu\/index.php\/wp-json\/wp\/v2\/types\/page"}],"author":[{"embeddable":true,"href":"https:\/\/sutilweb.eu\/index.php\/wp-json\/wp\/v2\/users\/1"}],"replies":[{"embeddable":true,"href":"https:\/\/sutilweb.eu\/index.php\/wp-json\/wp\/v2\/comments?post=1372"}],"version-history":[{"count":2,"href":"https:\/\/sutilweb.eu\/index.php\/wp-json\/wp\/v2\/pages\/1372\/revisions"}],"predecessor-version":[{"id":1374,"href":"https:\/\/sutilweb.eu\/index.php\/wp-json\/wp\/v2\/pages\/1372\/revisions\/1374"}],"up":[{"embeddable":true,"href":"https:\/\/sutilweb.eu\/index.php\/wp-json\/wp\/v2\/pages\/1367"}],"wp:attachment":[{"href":"https:\/\/sutilweb.eu\/index.php\/wp-json\/wp\/v2\/media?parent=1372"}],"curies":[{"name":"wp","href":"https:\/\/api.w.org\/{rel}","templated":true}]}}