{"id":1205,"date":"2024-07-31T12:07:15","date_gmt":"2024-07-31T10:07:15","guid":{"rendered":"https:\/\/blog.sutilweb.eu\/?page_id=1205"},"modified":"2024-07-31T12:07:15","modified_gmt":"2024-07-31T10:07:15","slug":"07-colores-css3-rgb","status":"publish","type":"page","link":"https:\/\/sutilweb.eu\/index.php\/lenguajes\/css3\/css3-basico\/07-colores-css3-rgb\/","title":{"rendered":"07. Colores CSS3 RGB"},"content":{"rendered":"\n<p>Un valor de color <strong>RGB<\/strong> representa las fuentes de luz ROJA, VERDE y AZUL. (RED, GREEN, BLUE). En <strong>CSS<\/strong>, un color se puede especificar como un valor <strong>RGB<\/strong>, utilizando esta f\u00f3rmula:<\/p>\n\n\n\n<!--more-->\n\n\n\n<pre class=\"wp-block-preformatted\">rgb(<em>red,<\/em>&nbsp;<em>green<\/em>,&nbsp;<em>blue<\/em>)<\/pre>\n\n\n\n<p>Cada par\u00e1metro (rojo, verde y azul) define la intensidad del color entre 0 y 255. Por ejemplo, <strong><em>rgb(255, 0, 0)<\/em><\/strong> se muestra como rojo, porque el rojo se establece en su valor m\u00e1s alto (255) y los dem\u00e1s se establecen en 0. Para mostrar negro, configure todos los par\u00e1metros de color en 0, as\u00ed: <strong><em>rgb (0, 0, 0)<\/em><\/strong>. Para mostrar el blanco, configure todos los par\u00e1metros de color en 255, as\u00ed: rgb (255, 255, 255).<\/p>\n\n\n\n<h2 class=\"wp-block-heading\">Tonos de gris<\/h2>\n\n\n\n<p>Los tonos de gris a menudo se definen utilizando valores iguales para las 3 fuentes de luz:<\/p>\n\n\n\n<figure class=\"wp-block-image size-full\"><img loading=\"lazy\" decoding=\"async\" width=\"730\" height=\"301\" src=\"https:\/\/blog.sutilweb.eu\/wp-content\/uploads\/2024\/07\/Colores-CSS-RGB.png\" alt=\"\" class=\"wp-image-1207\" srcset=\"https:\/\/sutilweb.eu\/wp-content\/uploads\/2024\/07\/Colores-CSS-RGB.png 730w, https:\/\/sutilweb.eu\/wp-content\/uploads\/2024\/07\/Colores-CSS-RGB-300x124.png 300w\" sizes=\"auto, (max-width: 730px) 100vw, 730px\" \/><\/figure>\n\n\n\n<h2 class=\"wp-block-heading\">Valores RGBA<\/h2>\n\n\n\n<p>Los valores de color <strong>RGBA<\/strong> son una extensi\u00f3n de los valores de color <strong>RGB<\/strong> con un <strong>canal alfa<\/strong>, que especifica la <strong>opacidad de un color. <\/strong>Un valor de color <strong>RGBA<\/strong> se especifica con:<\/p>\n\n\n\n<pre class=\"wp-block-preformatted\">rgba(<em>red,<\/em>&nbsp;<em>green<\/em>,&nbsp;<em>blue, alpha<\/em>)<\/pre>\n\n\n\n<p>El <strong>par\u00e1metro alfa<\/strong> es un n\u00famero entre 0.0 (totalmente transparente) y 1.0 (nada transparente).<\/p>\n\n\n\n<p><strong>Ejm<\/strong><\/p>\n\n\n\n<pre class=\"wp-block-preformatted\">&lt;!DOCTYPE html&gt;\n&lt;html&gt;\n&lt;body&gt;\n\n&lt;h1&gt;Make transparent colors with RGBA&lt;\/h1&gt;\n\n&lt;h2 style=\"background-color:rgba(255, 99, 71, 0);\"&gt;rgba(255, 99, 71, 0)&lt;\/h2&gt;\n&lt;h2 style=\"background-color:rgba(255, 99, 71, 0.2);\"&gt;rgba(255, 99, 71, 0.2)&lt;\/h2&gt;\n&lt;h2 style=\"background-color:rgba(255, 99, 71, 0.4);\"&gt;rgba(255, 99, 71, 0.4)&lt;\/h2&gt;\n&lt;h2 style=\"background-color:rgba(255, 99, 71, 0.6);\"&gt;rgba(255, 99, 71, 0.6)&lt;\/h2&gt;\n&lt;h2 style=\"background-color:rgba(255, 99, 71, 0.8);\"&gt;rgba(255, 99, 71, 0.8)&lt;\/h2&gt;\n&lt;h2 style=\"background-color:rgba(255, 99, 71, 1);\"&gt;rgba(255, 99, 71, 1)&lt;\/h2&gt;\n\n&lt;\/body&gt;\n&lt;\/html&gt;<\/pre>\n","protected":false},"excerpt":{"rendered":"<p>Un valor de color RGB representa las fuentes de luz ROJA, VERDE y AZUL. (RED, GREEN, BLUE). En CSS, un [&hellip;]<\/p>\n","protected":false},"author":1,"featured_media":0,"parent":563,"menu_order":6,"comment_status":"closed","ping_status":"closed","template":"","meta":{"_uag_custom_page_level_css":"","site-sidebar-layout":"default","site-content-layout":"","ast-site-content-layout":"default","site-content-style":"default","site-sidebar-style":"default","ast-global-header-display":"","ast-banner-title-visibility":"","ast-main-header-display":"","ast-hfb-above-header-display":"","ast-hfb-below-header-display":"","ast-hfb-mobile-header-display":"","site-post-title":"","ast-breadcrumbs-content":"","ast-featured-img":"","footer-sml-layout":"","ast-disable-related-posts":"","theme-transparent-header-meta":"","adv-header-id-meta":"","stick-header-meta":"","header-above-stick-meta":"","header-main-stick-meta":"","header-below-stick-meta":"","astra-migrate-meta-layouts":"default","ast-page-background-enabled":"default","ast-page-background-meta":{"desktop":{"background-color":"var(--ast-global-color-4)","background-image":"","background-repeat":"repeat","background-position":"center center","background-size":"auto","background-attachment":"scroll","background-type":"","background-media":"","overlay-type":"","overlay-color":"","overlay-opacity":"","overlay-gradient":""},"tablet":{"background-color":"","background-image":"","background-repeat":"repeat","background-position":"center center","background-size":"auto","background-attachment":"scroll","background-type":"","background-media":"","overlay-type":"","overlay-color":"","overlay-opacity":"","overlay-gradient":""},"mobile":{"background-color":"","background-image":"","background-repeat":"repeat","background-position":"center center","background-size":"auto","background-attachment":"scroll","background-type":"","background-media":"","overlay-type":"","overlay-color":"","overlay-opacity":"","overlay-gradient":""}},"ast-content-background-meta":{"desktop":{"background-color":"var(--ast-global-color-5)","background-image":"","background-repeat":"repeat","background-position":"center center","background-size":"auto","background-attachment":"scroll","background-type":"","background-media":"","overlay-type":"","overlay-color":"","overlay-opacity":"","overlay-gradient":""},"tablet":{"background-color":"var(--ast-global-color-5)","background-image":"","background-repeat":"repeat","background-position":"center center","background-size":"auto","background-attachment":"scroll","background-type":"","background-media":"","overlay-type":"","overlay-color":"","overlay-opacity":"","overlay-gradient":""},"mobile":{"background-color":"var(--ast-global-color-5)","background-image":"","background-repeat":"repeat","background-position":"center center","background-size":"auto","background-attachment":"scroll","background-type":"","background-media":"","overlay-type":"","overlay-color":"","overlay-opacity":"","overlay-gradient":""}},"footnotes":""},"class_list":["post-1205","page","type-page","status-publish","hentry"],"uagb_featured_image_src":{"full":false,"thumbnail":false,"medium":false,"medium_large":false,"large":false,"1536x1536":false,"2048x2048":false},"uagb_author_info":{"display_name":"Sutil Web","author_link":"https:\/\/sutilweb.eu\/index.php\/author\/sutilweb\/"},"uagb_comment_info":0,"uagb_excerpt":"Un valor de color RGB representa las fuentes de luz ROJA, VERDE y AZUL. (RED, GREEN, BLUE). En CSS, un [&hellip;]","_links":{"self":[{"href":"https:\/\/sutilweb.eu\/index.php\/wp-json\/wp\/v2\/pages\/1205","targetHints":{"allow":["GET"]}}],"collection":[{"href":"https:\/\/sutilweb.eu\/index.php\/wp-json\/wp\/v2\/pages"}],"about":[{"href":"https:\/\/sutilweb.eu\/index.php\/wp-json\/wp\/v2\/types\/page"}],"author":[{"embeddable":true,"href":"https:\/\/sutilweb.eu\/index.php\/wp-json\/wp\/v2\/users\/1"}],"replies":[{"embeddable":true,"href":"https:\/\/sutilweb.eu\/index.php\/wp-json\/wp\/v2\/comments?post=1205"}],"version-history":[{"count":2,"href":"https:\/\/sutilweb.eu\/index.php\/wp-json\/wp\/v2\/pages\/1205\/revisions"}],"predecessor-version":[{"id":1208,"href":"https:\/\/sutilweb.eu\/index.php\/wp-json\/wp\/v2\/pages\/1205\/revisions\/1208"}],"up":[{"embeddable":true,"href":"https:\/\/sutilweb.eu\/index.php\/wp-json\/wp\/v2\/pages\/563"}],"wp:attachment":[{"href":"https:\/\/sutilweb.eu\/index.php\/wp-json\/wp\/v2\/media?parent=1205"}],"curies":[{"name":"wp","href":"https:\/\/api.w.org\/{rel}","templated":true}]}}