{"id":1171,"date":"2024-07-31T11:39:50","date_gmt":"2024-07-31T09:39:50","guid":{"rendered":"https:\/\/blog.sutilweb.eu\/?page_id=1171"},"modified":"2024-07-31T11:39:50","modified_gmt":"2024-07-31T09:39:50","slug":"02-historia-de-nosql","status":"publish","type":"page","link":"https:\/\/sutilweb.eu\/index.php\/databases\/nosql\/02-historia-de-nosql\/","title":{"rendered":"02. Historia de NoSQL"},"content":{"rendered":"\n<p><strong>NoSQL<\/strong> nace en el a\u00f1o 1998 con la creaci\u00f3n de <strong>mSQL<\/strong> o <strong>miniSQL,<\/strong> el cual fue el precursor de My<strong>S<\/strong>QL.&nbsp; Posteriormente, en la d\u00e9cada de los 2000, con el desarrollo de <strong>aplicaciones m\u00f3viles, redes sociales&#8230;<\/strong> se comenzaron a generar grandes cantidades de informaci\u00f3n, y en 2007 <strong>Google<\/strong> present\u00f3 un art\u00edculo sobre tener una base de datos menos r\u00edgida y mayormente distribuida, a esta tecnolog\u00eda la llamaron <a href=\"https:\/\/es.wikipedia.org\/wiki\/BigTable\" target=\"_blank\" rel=\"noreferrer noopener\"><strong>BigTable,<\/strong><\/a> podemos decir que este es el abuelo de todas las tecnolog\u00edas <strong>NoSQL.<\/strong> Exponen como los sitios, las aplicaciones m\u00f3viles, el consumo de las redes sociales, estaban impactando en el an\u00e1lisis y el almacenamiento de la informaci\u00f3n.<\/p>\n\n\n\n<!--more-->\n\n\n\n<p>Y en 2009 el t\u00e9rmino <strong>NoSQL<\/strong> es acu\u00f1ado para describir toda esta generaci\u00f3n de <strong>bases de datos<\/strong> que no usan <strong>SQL.<\/strong> A partir de ah\u00ed, en 2009 se lanza la primera versi\u00f3n del que hoy en d\u00eda es uno de los sistemas gestores m\u00e1s importantes del mundo, que es <strong><a href=\"https:\/\/www.mongodb.com\/es\/cloud\/atlas\/lp\/try4\" target=\"_blank\" rel=\"noreferrer noopener\">MongoDB,<\/a><\/strong> el cual te puedes descargar, o utilizar <strong>MongoDB Atlas<\/strong> que es un servicio en la nube de esta <strong>base de datos de tipo documental.<\/strong><\/p>\n\n\n\n<p>A partir de ah\u00ed comenzaron a surgir diferentes tipos con diferente enfoque, por ejm, <strong>MongoDB<\/strong> es una <strong>base de datos documental,<\/strong> pero tenemos <strong>bases de datos<\/strong> como <a href=\"https:\/\/redis.io\/download\/\" target=\"_blank\" rel=\"noreferrer noopener\"><strong>Redis,<\/strong><\/a> basadas en <strong>llave: valor<\/strong>, <strong>bases de datos basadas en teor\u00eda de grafos<\/strong>, o <strong>bases de datos de columnas<\/strong> como <a href=\"https:\/\/cassandra.apache.org\/_\/download.html\" target=\"_blank\" rel=\"noreferrer noopener\"><strong>Apache Cassandra<\/strong><\/a>.<\/p>\n","protected":false},"excerpt":{"rendered":"<p>NoSQL nace en el a\u00f1o 1998 con la creaci\u00f3n de mSQL o miniSQL, el cual fue el precursor de MySQL.&nbsp; [&hellip;]<\/p>\n","protected":false},"author":1,"featured_media":0,"parent":1165,"menu_order":1,"comment_status":"closed","ping_status":"closed","template":"","meta":{"_uag_custom_page_level_css":"","site-sidebar-layout":"default","site-content-layout":"","ast-site-content-layout":"default","site-content-style":"default","site-sidebar-style":"default","ast-global-header-display":"","ast-banner-title-visibility":"","ast-main-header-display":"","ast-hfb-above-header-display":"","ast-hfb-below-header-display":"","ast-hfb-mobile-header-display":"","site-post-title":"","ast-breadcrumbs-content":"","ast-featured-img":"","footer-sml-layout":"","ast-disable-related-posts":"","theme-transparent-header-meta":"","adv-header-id-meta":"","stick-header-meta":"","header-above-stick-meta":"","header-main-stick-meta":"","header-below-stick-meta":"","astra-migrate-meta-layouts":"default","ast-page-background-enabled":"default","ast-page-background-meta":{"desktop":{"background-color":"var(--ast-global-color-4)","background-image":"","background-repeat":"repeat","background-position":"center center","background-size":"auto","background-attachment":"scroll","background-type":"","background-media":"","overlay-type":"","overlay-color":"","overlay-opacity":"","overlay-gradient":""},"tablet":{"background-color":"","background-image":"","background-repeat":"repeat","background-position":"center center","background-size":"auto","background-attachment":"scroll","background-type":"","background-media":"","overlay-type":"","overlay-color":"","overlay-opacity":"","overlay-gradient":""},"mobile":{"background-color":"","background-image":"","background-repeat":"repeat","background-position":"center center","background-size":"auto","background-attachment":"scroll","background-type":"","background-media":"","overlay-type":"","overlay-color":"","overlay-opacity":"","overlay-gradient":""}},"ast-content-background-meta":{"desktop":{"background-color":"var(--ast-global-color-5)","background-image":"","background-repeat":"repeat","background-position":"center center","background-size":"auto","background-attachment":"scroll","background-type":"","background-media":"","overlay-type":"","overlay-color":"","overlay-opacity":"","overlay-gradient":""},"tablet":{"background-color":"var(--ast-global-color-5)","background-image":"","background-repeat":"repeat","background-position":"center center","background-size":"auto","background-attachment":"scroll","background-type":"","background-media":"","overlay-type":"","overlay-color":"","overlay-opacity":"","overlay-gradient":""},"mobile":{"background-color":"var(--ast-global-color-5)","background-image":"","background-repeat":"repeat","background-position":"center center","background-size":"auto","background-attachment":"scroll","background-type":"","background-media":"","overlay-type":"","overlay-color":"","overlay-opacity":"","overlay-gradient":""}},"footnotes":""},"class_list":["post-1171","page","type-page","status-publish","hentry"],"uagb_featured_image_src":{"full":false,"thumbnail":false,"medium":false,"medium_large":false,"large":false,"1536x1536":false,"2048x2048":false},"uagb_author_info":{"display_name":"Sutil Web","author_link":"https:\/\/sutilweb.eu\/index.php\/author\/sutilweb\/"},"uagb_comment_info":0,"uagb_excerpt":"NoSQL nace en el a\u00f1o 1998 con la creaci\u00f3n de mSQL o miniSQL, el cual fue el precursor de MySQL.&nbsp; [&hellip;]","_links":{"self":[{"href":"https:\/\/sutilweb.eu\/index.php\/wp-json\/wp\/v2\/pages\/1171","targetHints":{"allow":["GET"]}}],"collection":[{"href":"https:\/\/sutilweb.eu\/index.php\/wp-json\/wp\/v2\/pages"}],"about":[{"href":"https:\/\/sutilweb.eu\/index.php\/wp-json\/wp\/v2\/types\/page"}],"author":[{"embeddable":true,"href":"https:\/\/sutilweb.eu\/index.php\/wp-json\/wp\/v2\/users\/1"}],"replies":[{"embeddable":true,"href":"https:\/\/sutilweb.eu\/index.php\/wp-json\/wp\/v2\/comments?post=1171"}],"version-history":[{"count":1,"href":"https:\/\/sutilweb.eu\/index.php\/wp-json\/wp\/v2\/pages\/1171\/revisions"}],"predecessor-version":[{"id":1172,"href":"https:\/\/sutilweb.eu\/index.php\/wp-json\/wp\/v2\/pages\/1171\/revisions\/1172"}],"up":[{"embeddable":true,"href":"https:\/\/sutilweb.eu\/index.php\/wp-json\/wp\/v2\/pages\/1165"}],"wp:attachment":[{"href":"https:\/\/sutilweb.eu\/index.php\/wp-json\/wp\/v2\/media?parent=1171"}],"curies":[{"name":"wp","href":"https:\/\/api.w.org\/{rel}","templated":true}]}}