{"id":1029,"date":"2024-07-31T10:09:59","date_gmt":"2024-07-31T08:09:59","guid":{"rendered":"https:\/\/blog.sutilweb.eu\/?page_id=1029"},"modified":"2024-07-31T10:09:59","modified_gmt":"2024-07-31T08:09:59","slug":"08-logica-de-negocio","status":"publish","type":"page","link":"https:\/\/sutilweb.eu\/index.php\/databases\/diseno-de-bases-de-datos\/08-logica-de-negocio\/","title":{"rendered":"08. L\u00f3gica de negocio"},"content":{"rendered":"\n<p>La <strong>l\u00f3gica de negocio<\/strong> es <strong><em>el<\/em> <em>conjunto de reglas, pol\u00edticas y procesos que van a describir como se lleva a cabo el negocio<\/em><\/strong>, entendiendo por \u00e9ste todo el <strong>conjunto del sistema<\/strong> que se pretende desarrollar.<\/p>\n\n\n\n<!--more-->\n\n\n\n<p>En el <strong>modelado de la base de datos<\/strong>, la <strong>l\u00f3gica de negocio<\/strong> se refiere a la representaci\u00f3n de estas <strong>reglas<\/strong> y de los <strong>procesos de negocio<\/strong> basados en el <strong>modelo de datos.<\/strong> Estas reglas van a incluir conceptos como la <strong>validaci\u00f3n de datos<\/strong>, la <strong>validaci\u00f3n de restricciones<\/strong>, <strong>definici\u00f3n de las relaciones entre las entidades<\/strong>, y la <strong>definici\u00f3n de c\u00f3mo se van a calcular ciertos valores<\/strong>.<\/p>\n\n\n\n<p>La incorporaci\u00f3n de la <strong>l\u00f3gica<\/strong> en el <strong>modelo de datos<\/strong> es muy importante porque permite asegurarse que los datos est\u00e9n correctos y validados, y se respeten las restricciones que requiere el negocio antes de ser almacenada la informaci\u00f3n en la <strong>base de datos.<\/strong><\/p>\n\n\n\n<p>Tambi\u00e9n ayuda a los desarrolladores a entender como se relacionan y se utilizan en el <strong>sistema<\/strong> los datos, de tal manera que puede ser \u00fatil a la hora de realizar tareas de mantenimiento, o una mejora en la implementaci\u00f3n del modelo.<\/p>\n\n\n\n<p>Adem\u00e1s, dicha l\u00f3gica puede ser reutilizada en diferentes partes de la aplicaci\u00f3n, lo que reduce el esfuerzo y el tiempo para implementarla en m\u00faltiples lugares.<\/p>\n","protected":false},"excerpt":{"rendered":"<p>La l\u00f3gica de negocio es el conjunto de reglas, pol\u00edticas y procesos que van a describir como se lleva a [&hellip;]<\/p>\n","protected":false},"author":1,"featured_media":0,"parent":1009,"menu_order":7,"comment_status":"closed","ping_status":"closed","template":"","meta":{"_uag_custom_page_level_css":"","site-sidebar-layout":"default","site-content-layout":"","ast-site-content-layout":"default","site-content-style":"default","site-sidebar-style":"default","ast-global-header-display":"","ast-banner-title-visibility":"","ast-main-header-display":"","ast-hfb-above-header-display":"","ast-hfb-below-header-display":"","ast-hfb-mobile-header-display":"","site-post-title":"","ast-breadcrumbs-content":"","ast-featured-img":"","footer-sml-layout":"","ast-disable-related-posts":"","theme-transparent-header-meta":"","adv-header-id-meta":"","stick-header-meta":"","header-above-stick-meta":"","header-main-stick-meta":"","header-below-stick-meta":"","astra-migrate-meta-layouts":"default","ast-page-background-enabled":"default","ast-page-background-meta":{"desktop":{"background-color":"var(--ast-global-color-4)","background-image":"","background-repeat":"repeat","background-position":"center center","background-size":"auto","background-attachment":"scroll","background-type":"","background-media":"","overlay-type":"","overlay-color":"","overlay-opacity":"","overlay-gradient":""},"tablet":{"background-color":"","background-image":"","background-repeat":"repeat","background-position":"center center","background-size":"auto","background-attachment":"scroll","background-type":"","background-media":"","overlay-type":"","overlay-color":"","overlay-opacity":"","overlay-gradient":""},"mobile":{"background-color":"","background-image":"","background-repeat":"repeat","background-position":"center center","background-size":"auto","background-attachment":"scroll","background-type":"","background-media":"","overlay-type":"","overlay-color":"","overlay-opacity":"","overlay-gradient":""}},"ast-content-background-meta":{"desktop":{"background-color":"var(--ast-global-color-5)","background-image":"","background-repeat":"repeat","background-position":"center center","background-size":"auto","background-attachment":"scroll","background-type":"","background-media":"","overlay-type":"","overlay-color":"","overlay-opacity":"","overlay-gradient":""},"tablet":{"background-color":"var(--ast-global-color-5)","background-image":"","background-repeat":"repeat","background-position":"center center","background-size":"auto","background-attachment":"scroll","background-type":"","background-media":"","overlay-type":"","overlay-color":"","overlay-opacity":"","overlay-gradient":""},"mobile":{"background-color":"var(--ast-global-color-5)","background-image":"","background-repeat":"repeat","background-position":"center center","background-size":"auto","background-attachment":"scroll","background-type":"","background-media":"","overlay-type":"","overlay-color":"","overlay-opacity":"","overlay-gradient":""}},"footnotes":""},"class_list":["post-1029","page","type-page","status-publish","hentry"],"uagb_featured_image_src":{"full":false,"thumbnail":false,"medium":false,"medium_large":false,"large":false,"1536x1536":false,"2048x2048":false},"uagb_author_info":{"display_name":"Sutil Web","author_link":"https:\/\/sutilweb.eu\/index.php\/author\/sutilweb\/"},"uagb_comment_info":0,"uagb_excerpt":"La l\u00f3gica de negocio es el conjunto de reglas, pol\u00edticas y procesos que van a describir como se lleva a [&hellip;]","_links":{"self":[{"href":"https:\/\/sutilweb.eu\/index.php\/wp-json\/wp\/v2\/pages\/1029","targetHints":{"allow":["GET"]}}],"collection":[{"href":"https:\/\/sutilweb.eu\/index.php\/wp-json\/wp\/v2\/pages"}],"about":[{"href":"https:\/\/sutilweb.eu\/index.php\/wp-json\/wp\/v2\/types\/page"}],"author":[{"embeddable":true,"href":"https:\/\/sutilweb.eu\/index.php\/wp-json\/wp\/v2\/users\/1"}],"replies":[{"embeddable":true,"href":"https:\/\/sutilweb.eu\/index.php\/wp-json\/wp\/v2\/comments?post=1029"}],"version-history":[{"count":2,"href":"https:\/\/sutilweb.eu\/index.php\/wp-json\/wp\/v2\/pages\/1029\/revisions"}],"predecessor-version":[{"id":1031,"href":"https:\/\/sutilweb.eu\/index.php\/wp-json\/wp\/v2\/pages\/1029\/revisions\/1031"}],"up":[{"embeddable":true,"href":"https:\/\/sutilweb.eu\/index.php\/wp-json\/wp\/v2\/pages\/1009"}],"wp:attachment":[{"href":"https:\/\/sutilweb.eu\/index.php\/wp-json\/wp\/v2\/media?parent=1029"}],"curies":[{"name":"wp","href":"https:\/\/api.w.org\/{rel}","templated":true}]}}